{"id":19,"date":"2022-07-11T10:38:23","date_gmt":"2022-07-11T10:38:23","guid":{"rendered":"https:\/\/geiste.lt\/?page_id=19"},"modified":"2022-07-13T12:24:02","modified_gmt":"2022-07-13T12:24:02","slug":"workshop-reminimo-centras","status":"publish","type":"page","link":"https:\/\/geiste.lt\/?page_id=19","title":{"rendered":"Workshop &#8220;R\u0117minimo centras&#8221;"},"content":{"rendered":"\n<figure class=\"wp-block-image size-large\"><img loading=\"lazy\" width=\"1024\" height=\"450\" src=\"https:\/\/geiste.lt\/wp-content\/uploads\/2022\/07\/276045212_1182098415950046_4488703133445152918_n-1-1024x450.jpg\" alt=\"\" class=\"wp-image-58\" srcset=\"https:\/\/geiste.lt\/wp-content\/uploads\/2022\/07\/276045212_1182098415950046_4488703133445152918_n-1-1024x450.jpg 1024w, https:\/\/geiste.lt\/wp-content\/uploads\/2022\/07\/276045212_1182098415950046_4488703133445152918_n-1-300x132.jpg 300w, https:\/\/geiste.lt\/wp-content\/uploads\/2022\/07\/276045212_1182098415950046_4488703133445152918_n-1-768x337.jpg 768w, https:\/\/geiste.lt\/wp-content\/uploads\/2022\/07\/276045212_1182098415950046_4488703133445152918_n-1.jpg 1400w\" sizes=\"(max-width: 1024px) 100vw, 1024px\" \/><\/figure>\n\n\n\n<figure class=\"wp-block-pullquote has-background\" style=\"background-color:#d3cfb9\"><blockquote><p><em>R\u0117minimo centras<\/em><\/p><cite><em>ADRESAS: MINIJOS G. 135, KLAIP\u0116DA, LITHUANIA<\/em><br><em>EL. PA\u0160TAS: PARDUOTUVE@GEISTE.LT<\/em><br><em>TEL.NR. +370 614 71252<\/em><br><br><em>DARBO LAIKAS<\/em><br><em>I-V 09.00-19.00<\/em><br><em>VI 10.00-15.00<\/em><br><br><em>DRAUGAUKIME <a href=\"https:\/\/www.facebook.com\/R%C4%97minimo-Centras-Klaip%C4%97da-103436259055559\" target=\"_blank\" rel=\"noreferrer noopener\" title=\"FACEBOOK\u00a0\">FACEBOOK\u00a0<\/a><\/em><br><\/cite><\/blockquote><\/figure>\n\n\n\n<div class=\"wp-container-5 wp-block-columns alignfull\">\n<div class=\"wp-container-1 wp-block-column\" style=\"flex-basis:50%\">\n<div class=\"wp-block-cover is-light\" style=\"min-height:600px\"><span aria-hidden=\"true\" class=\"wp-block-cover__background has-background-dim-100 has-background-dim\" style=\"background-color:#f6f6f6\"><\/span><div class=\"wp-block-cover__inner-container\"><div class=\"wp-block-image\">\n<figure class=\"aligncenter size-large\"><img loading=\"lazy\" width=\"830\" height=\"1024\" src=\"http:\/\/geiste.lt\/wp-content\/uploads\/2022\/07\/FB_IMG_1596107398397-1-830x1024.jpg\" alt=\"\" class=\"wp-image-59\" srcset=\"https:\/\/geiste.lt\/wp-content\/uploads\/2022\/07\/FB_IMG_1596107398397-1-830x1024.jpg 830w, https:\/\/geiste.lt\/wp-content\/uploads\/2022\/07\/FB_IMG_1596107398397-1-243x300.jpg 243w, https:\/\/geiste.lt\/wp-content\/uploads\/2022\/07\/FB_IMG_1596107398397-1-768x948.jpg 768w, https:\/\/geiste.lt\/wp-content\/uploads\/2022\/07\/FB_IMG_1596107398397-1.jpg 850w\" sizes=\"(max-width: 830px) 100vw, 830px\" \/><\/figure><\/div><\/div><\/div>\n<\/div>\n\n\n\n<div class=\"wp-container-4 wp-block-column is-vertically-aligned-center\" style=\"padding-top:1em;padding-right:1em;padding-bottom:1em;padding-left:1em\">\n<div class=\"wp-container-3 wp-block-columns\">\n<div class=\"wp-container-2 wp-block-column\" style=\"flex-basis:320px\">\n<p class=\"has-text-align-center has-medium-font-size\" style=\"line-height:1.6\"><em>UAB \u201cGeist\u0117s\u201d R\u0117minimo centras- tai ilgamet\u0119 r\u0117minimo patirt\u012f turinti kompanija.&nbsp; \u012emon\u0117 nuolatos siek\u0117 nepriekai\u0161tingo bei greito aptarnavimo, o darbas profesionalia \u012franga suteikia galimyb\u0119 u\u017etikrinti minimal\u0173 atlikimo laik\u0105 bei maksimalias r\u0117minimo darb\u0173 galimybes. Tad iki dabar sukaupta ilgamet\u0117 darbo patirtis leid\u017eia u\u017etikrinti profesional\u0173 r\u0117minimo paslaug\u0173 teikim\u0105.<\/em><\/p>\n<\/div>\n<\/div>\n<\/div>\n<\/div>\n\n\n\n<p class=\"has-text-align-center has-medium-font-size\"><em>Platus r\u0117m\u0173 asortimentas, kur\u012f sudaro UAB \u201cGeist\u0117s\u201d ir vis\u0173 kit\u0173 Lietuvos importuotoj\u0173 pavyzd\u017eiai, i\u0161pildys net \u012fmantriausi\u0105 nor\u0105, o kainos prad\u017eiugins kiekvien\u0105. Si\u016blome med\u017eio, plastiko, aliuminio r\u0117melius, deran\u010dius tiek klasikiniame, tiek moderniame interjere. I\u0161 gausyb\u0117s spalv\u0173, ornament\u0173, form\u0173 ir profili\u0173 pad\u0117sime Jums atrasti b\u016btent tai, ko reikia.<\/em><\/p>\n\n\n\n<figure class=\"wp-container-7 wp-block-gallery-6 wp-block-gallery has-nested-images columns-default is-cropped\">\n<figure class=\"wp-block-image size-large\"><img loading=\"lazy\" width=\"822\" height=\"1024\" data-id=\"60\"  src=\"https:\/\/geiste.lt\/wp-content\/uploads\/2022\/07\/FB_IMG_1596107251467-1-822x1024.jpg\" alt=\"\" class=\"wp-image-60\" srcset=\"https:\/\/geiste.lt\/wp-content\/uploads\/2022\/07\/FB_IMG_1596107251467-1-822x1024.jpg 822w, https:\/\/geiste.lt\/wp-content\/uploads\/2022\/07\/FB_IMG_1596107251467-1-241x300.jpg 241w, https:\/\/geiste.lt\/wp-content\/uploads\/2022\/07\/FB_IMG_1596107251467-1-768x957.jpg 768w, https:\/\/geiste.lt\/wp-content\/uploads\/2022\/07\/FB_IMG_1596107251467-1.jpg 1080w\" sizes=\"(max-width: 822px) 100vw, 822px\" \/><\/figure>\n\n\n\n<figure class=\"wp-block-image size-large\"><img loading=\"lazy\" width=\"803\" height=\"1024\" data-id=\"61\"  src=\"https:\/\/geiste.lt\/wp-content\/uploads\/2022\/07\/FB_IMG_1596107514438-1-803x1024.jpg\" alt=\"\" class=\"wp-image-61\" srcset=\"https:\/\/geiste.lt\/wp-content\/uploads\/2022\/07\/FB_IMG_1596107514438-1-803x1024.jpg 803w, https:\/\/geiste.lt\/wp-content\/uploads\/2022\/07\/FB_IMG_1596107514438-1-235x300.jpg 235w, https:\/\/geiste.lt\/wp-content\/uploads\/2022\/07\/FB_IMG_1596107514438-1-768x980.jpg 768w, https:\/\/geiste.lt\/wp-content\/uploads\/2022\/07\/FB_IMG_1596107514438-1.jpg 997w\" sizes=\"(max-width: 803px) 100vw, 803px\" \/><\/figure>\n<\/figure>\n\n\n\n<p class=\"has-text-align-center has-medium-font-size\"><em>M\u016bs\u0173 kolektyvas r\u0117minimo salone Klaip\u0117doje kiekvien\u0105 klient\u0105 sutiks maloniai ir pad\u0117s atrasti tinkamiausi\u0105 variant\u0105 \u2013 \u012fr\u0117minkite lengvai, greitai, kokybi\u0161kai, profesionaliai ir gera kaina.<\/em><\/p>\n","protected":false},"excerpt":{"rendered":"<p>R\u0117minimo centras ADRESAS: MINIJOS G. 135, KLAIP\u0116DA, LITHUANIAEL. PA\u0160TAS: PARDUOTUVE@GEISTE.LTTEL.NR. +370 614 71252 DARBO LAIKASI-V 09.00-19.00VI 10.00-15.00 DRAUGAUKIME FACEBOOK\u00a0 UAB \u201cGeist\u0117s\u201d R\u0117minimo centras- tai ilgamet\u0119 r\u0117minimo patirt\u012f turinti kompanija.&nbsp; \u012emon\u0117 nuolatos siek\u0117 nepriekai\u0161tingo bei greito aptarnavimo, o darbas profesionalia \u012franga suteikia galimyb\u0119 u\u017etikrinti minimal\u0173 atlikimo laik\u0105 bei maksimalias r\u0117minimo darb\u0173 galimybes. Tad iki dabar sukaupta&hellip;<\/p>\n<p class=\"more-link\"><a href=\"https:\/\/geiste.lt\/?page_id=19\" class=\"themebutton\">Read More<\/a><\/p>\n","protected":false},"author":1,"featured_media":0,"parent":0,"menu_order":0,"comment_status":"closed","ping_status":"closed","template":"","meta":{"om_disable_all_campaigns":false,"_monsterinsights_skip_tracking":false,"_monsterinsights_sitenote_active":false,"_monsterinsights_sitenote_note":"","_monsterinsights_sitenote_category":0},"_links":{"self":[{"href":"https:\/\/geiste.lt\/index.php?rest_route=\/wp\/v2\/pages\/19"}],"collection":[{"href":"https:\/\/geiste.lt\/index.php?rest_route=\/wp\/v2\/pages"}],"about":[{"href":"https:\/\/geiste.lt\/index.php?rest_route=\/wp\/v2\/types\/page"}],"author":[{"embeddable":true,"href":"https:\/\/geiste.lt\/index.php?rest_route=\/wp\/v2\/users\/1"}],"replies":[{"embeddable":true,"href":"https:\/\/geiste.lt\/index.php?rest_route=%2Fwp%2Fv2%2Fcomments&post=19"}],"version-history":[{"count":5,"href":"https:\/\/geiste.lt\/index.php?rest_route=\/wp\/v2\/pages\/19\/revisions"}],"predecessor-version":[{"id":80,"href":"https:\/\/geiste.lt\/index.php?rest_route=\/wp\/v2\/pages\/19\/revisions\/80"}],"wp:attachment":[{"href":"https:\/\/geiste.lt\/index.php?rest_route=%2Fwp%2Fv2%2Fmedia&parent=19"}],"curies":[{"name":"wp","href":"https:\/\/api.w.org\/{rel}","templated":true}]}}